{"id":3698,"date":"2022-11-17T12:15:12","date_gmt":"2022-11-17T10:15:12","guid":{"rendered":"https:\/\/vaihmala.taikalaatikko.org\/?page_id=3698"},"modified":"2023-12-21T11:16:39","modified_gmt":"2023-12-21T09:16:39","slug":"info","status":"publish","type":"page","link":"https:\/\/vaihmala.taikalaatikko.org\/en\/info\/","title":{"rendered":"Info"},"content":{"rendered":"\n<p>Our sales services are available on weekdays from 9 &#8211; 16 at +358 (0)20 766 1810<\/p>\n\n\n\n<p>Bistro pickup orders and reception +358 (0)40 48 25 667<\/p>\n\n\n\n<p>Hotel, meeting, party and spa reservations also from <a href=\"mailto:myynti@vaihmala.taikalaatikko.org\">myynti@vaihmala.taikalaatikko.org<\/a><\/p>\n\n\n\n<p>Vaihmala Boutique&#8217;s inquiries&nbsp;<a href=\"mailto:putiikki@vaihmala.taikalaatikko.org\">putiikki@vaihmala.taikalaatikko.org<\/a>&nbsp;tai&nbsp;<a href=\"http:\/\/facebook.com\/vaihmalanputiikki\">Facebook.com\/vaihmalanputiikki<\/a><\/p>\n\n\n\n<h2 class=\"wp-block-heading\">Address<\/h2>\n\n\n\n<p>Vaihmalan Hovi<br>Vaihmalantie 144<br>33750 Lemp\u00e4\u00e4l\u00e4<\/p>\n\n\n\n<hr class=\"wp-block-separator has-alpha-channel-opacity\"\/>\n\n\n\n<h2 class=\"wp-block-heading\">How to get to us<\/h2>\n\n\n\n<h3 class=\"wp-block-heading\">By car<\/h3>\n\n\n\n<p>From Tampere<\/p>\n\n\n\n<p>From the freeway take the exit number 34. Turn right towards Lemp\u00e4\u00e4l\u00e4. Just short of 2km, turn right towards Lippo. After about 500m, turn right on Vaihmalantie. After 400m turn left and you are here!<\/p>\n\n\n\n<p>From Helsinki<\/p>\n\n\n\n<p>From the freeway take the exit number 34. Keep right until you arrive to a T-intersection. Take left towards Lemp\u00e4\u00e4l\u00e4. Just short of 2km, turn left towards Lippo. After about 500m, turn right on Vaihmalantie. After 400m turn left and you are here!<\/p>\n\n\n\n<h3 class=\"wp-block-heading\">Train<\/h3>\n\n\n\n<p>You can take the train to Lemp\u00e4\u00e4l\u00e4 train station, which is located a short taxi ride (about 3km) away in the center of Lemp\u00e4\u00e4l\u00e4.<\/p>\n\n\n\n<p>Local trains (M and R) from Tampere run every hour and the trip takes about 10 minutes.<\/p>\n\n\n\n<p>Local train (R) from Helsinki takes about 2 hours.<\/p>\n\n\n\n<p>From Tampere and Helsinki you can also take the IC trains, or even the Pendolino, which are quicker. Just make sure the one you choose stops at Lemp\u00e4\u00e4l\u00e4, not all of them do.<\/p>\n\n\n\n<p>For timetables, prices and tickets, check <a href=\"https:\/\/www.vr.fi\/en\">vr.fi<\/a> for more info.<\/p>\n\n\n\n<p>We are happy to arrange a taxi to the train station, as there are not always cars waiting at the station. Just let us know before you arrive.<\/p>\n\n\n\n<h3 class=\"wp-block-heading\">Boat<\/h3>\n\n\n\n<p>Vaihmala Hovi is located by Vanajavesi between Tampere and H\u00e4meenlinna waterway. You can spend the night at the Vaihmala guest pier. There is a charge for electricity, staying without electricity is free.<\/p>\n","protected":false},"excerpt":{"rendered":"<p>Our sales services are available on weekdays from 9 &#8211; 16 at +358 (0)20 766 1810 Bistro pickup orders and reception +358 (0)40 48 25 667 Hotel, meeting, party and spa reservations also from myynti@vaihmala.taikalaatikko.org Vaihmala Boutique&#8217;s inquiries&nbsp;putiikki@vaihmala.taikalaatikko.org&nbsp;tai&nbsp;Facebook.com\/vaihmalanputiikki Address Vaihmalan HoviVaihmalantie 14433750 Lemp\u00e4\u00e4l\u00e4 How to get to us By car From Tampere From the freeway [&hellip;]<\/p>\n","protected":false},"author":1,"featured_media":0,"parent":0,"menu_order":0,"comment_status":"closed","ping_status":"closed","template":"","meta":{"footnotes":""},"class_list":["post-3698","page","type-page","status-publish","hentry"],"yoast_head":"<!-- This site is optimized with the Yoast SEO plugin v24.3 - https:\/\/yoast.com\/wordpress\/plugins\/seo\/ -->\n<title>Info - Vaihmalan Hovi<\/title>\n<meta name=\"robots\" content=\"index, follow, max-snippet:-1, max-image-preview:large, max-video-preview:-1\" \/>\n<link rel=\"canonical\" href=\"https:\/\/vaihmala.taikalaatikko.org\/en\/info\/\" \/>\n<meta property=\"og:locale\" content=\"en_US\" \/>\n<meta property=\"og:type\" content=\"article\" \/>\n<meta property=\"og:title\" content=\"Info - Vaihmalan Hovi\" \/>\n<meta property=\"og:description\" content=\"Our sales services are available on weekdays from 9 &#8211; 16 at +358 (0)20 766 1810 Bistro pickup orders and reception +358 (0)40 48 25 667 Hotel, meeting, party and spa reservations also from myynti@vaihmala.taikalaatikko.org Vaihmala Boutique&#8217;s inquiries&nbsp;putiikki@vaihmala.taikalaatikko.org&nbsp;tai&nbsp;Facebook.com\/vaihmalanputiikki Address Vaihmalan HoviVaihmalantie 14433750 Lemp\u00e4\u00e4l\u00e4 How to get to us By car From Tampere From the freeway [&hellip;]\" \/>\n<meta property=\"og:url\" content=\"https:\/\/vaihmala.taikalaatikko.org\/en\/info\/\" \/>\n<meta property=\"og:site_name\" content=\"Vaihmalan Hovi\" \/>\n<meta property=\"article:modified_time\" content=\"2023-12-21T09:16:39+00:00\" \/>\n<meta name=\"twitter:card\" content=\"summary_large_image\" \/>\n<meta name=\"twitter:label1\" content=\"Est. reading time\" \/>\n\t<meta name=\"twitter:data1\" content=\"2 minutes\" \/>\n<script type=\"application\/ld+json\" class=\"yoast-schema-graph\">{\"@context\":\"https:\/\/schema.org\",\"@graph\":[{\"@type\":\"WebPage\",\"@id\":\"https:\/\/vaihmala.taikalaatikko.org\/en\/info\/\",\"url\":\"https:\/\/vaihmala.taikalaatikko.org\/en\/info\/\",\"name\":\"Info - Vaihmalan Hovi\",\"isPartOf\":{\"@id\":\"https:\/\/vaihmala.taikalaatikko.org\/#website\"},\"datePublished\":\"2022-11-17T10:15:12+00:00\",\"dateModified\":\"2023-12-21T09:16:39+00:00\",\"breadcrumb\":{\"@id\":\"https:\/\/vaihmala.taikalaatikko.org\/en\/info\/#breadcrumb\"},\"inLanguage\":\"en-US\",\"potentialAction\":[{\"@type\":\"ReadAction\",\"target\":[\"https:\/\/vaihmala.taikalaatikko.org\/en\/info\/\"]}]},{\"@type\":\"BreadcrumbList\",\"@id\":\"https:\/\/vaihmala.taikalaatikko.org\/en\/info\/#breadcrumb\",\"itemListElement\":[{\"@type\":\"ListItem\",\"position\":1,\"name\":\"Etusivu\",\"item\":\"https:\/\/vaihmala.taikalaatikko.org\/en\/\"},{\"@type\":\"ListItem\",\"position\":2,\"name\":\"Info\"}]},{\"@type\":\"WebSite\",\"@id\":\"https:\/\/vaihmala.taikalaatikko.org\/#website\",\"url\":\"https:\/\/vaihmala.taikalaatikko.org\/\",\"name\":\"Vaihmalan Hovi\",\"description\":\"Perheyrityksemme on vieh\u00e4tt\u00e4v\u00e4 k\u00e4yntikohde Lemp\u00e4\u00e4l\u00e4n maaseudulla\",\"publisher\":{\"@id\":\"https:\/\/vaihmala.taikalaatikko.org\/#organization\"},\"potentialAction\":[{\"@type\":\"SearchAction\",\"target\":{\"@type\":\"EntryPoint\",\"urlTemplate\":\"https:\/\/vaihmala.taikalaatikko.org\/?s={search_term_string}\"},\"query-input\":{\"@type\":\"PropertyValueSpecification\",\"valueRequired\":true,\"valueName\":\"search_term_string\"}}],\"inLanguage\":\"en-US\"},{\"@type\":\"Organization\",\"@id\":\"https:\/\/vaihmala.taikalaatikko.org\/#organization\",\"name\":\"Vaihmalan Hovi\",\"url\":\"https:\/\/vaihmala.taikalaatikko.org\/\",\"logo\":{\"@type\":\"ImageObject\",\"inLanguage\":\"en-US\",\"@id\":\"https:\/\/vaihmala.taikalaatikko.org\/#\/schema\/logo\/image\/\",\"url\":\"https:\/\/vaihmala.taikalaatikko.org\/wp-content\/uploads\/2023\/03\/Vaihmala_logo.png\",\"contentUrl\":\"https:\/\/vaihmala.taikalaatikko.org\/wp-content\/uploads\/2023\/03\/Vaihmala_logo.png\",\"width\":633,\"height\":136,\"caption\":\"Vaihmalan Hovi\"},\"image\":{\"@id\":\"https:\/\/vaihmala.taikalaatikko.org\/#\/schema\/logo\/image\/\"}}]}<\/script>\n<!-- \/ Yoast SEO plugin. -->","yoast_head_json":{"title":"Info - Vaihmalan Hovi","robots":{"index":"index","follow":"follow","max-snippet":"max-snippet:-1","max-image-preview":"max-image-preview:large","max-video-preview":"max-video-preview:-1"},"canonical":"https:\/\/vaihmala.taikalaatikko.org\/en\/info\/","og_locale":"en_US","og_type":"article","og_title":"Info - Vaihmalan Hovi","og_description":"Our sales services are available on weekdays from 9 &#8211; 16 at +358 (0)20 766 1810 Bistro pickup orders and reception +358 (0)40 48 25 667 Hotel, meeting, party and spa reservations also from myynti@vaihmala.taikalaatikko.org Vaihmala Boutique&#8217;s inquiries&nbsp;putiikki@vaihmala.taikalaatikko.org&nbsp;tai&nbsp;Facebook.com\/vaihmalanputiikki Address Vaihmalan HoviVaihmalantie 14433750 Lemp\u00e4\u00e4l\u00e4 How to get to us By car From Tampere From the freeway [&hellip;]","og_url":"https:\/\/vaihmala.taikalaatikko.org\/en\/info\/","og_site_name":"Vaihmalan Hovi","article_modified_time":"2023-12-21T09:16:39+00:00","twitter_card":"summary_large_image","twitter_misc":{"Est. reading time":"2 minutes"},"schema":{"@context":"https:\/\/schema.org","@graph":[{"@type":"WebPage","@id":"https:\/\/vaihmala.taikalaatikko.org\/en\/info\/","url":"https:\/\/vaihmala.taikalaatikko.org\/en\/info\/","name":"Info - Vaihmalan Hovi","isPartOf":{"@id":"https:\/\/vaihmala.taikalaatikko.org\/#website"},"datePublished":"2022-11-17T10:15:12+00:00","dateModified":"2023-12-21T09:16:39+00:00","breadcrumb":{"@id":"https:\/\/vaihmala.taikalaatikko.org\/en\/info\/#breadcrumb"},"inLanguage":"en-US","potentialAction":[{"@type":"ReadAction","target":["https:\/\/vaihmala.taikalaatikko.org\/en\/info\/"]}]},{"@type":"BreadcrumbList","@id":"https:\/\/vaihmala.taikalaatikko.org\/en\/info\/#breadcrumb","itemListElement":[{"@type":"ListItem","position":1,"name":"Etusivu","item":"https:\/\/vaihmala.taikalaatikko.org\/en\/"},{"@type":"ListItem","position":2,"name":"Info"}]},{"@type":"WebSite","@id":"https:\/\/vaihmala.taikalaatikko.org\/#website","url":"https:\/\/vaihmala.taikalaatikko.org\/","name":"Vaihmalan Hovi","description":"Perheyrityksemme on vieh\u00e4tt\u00e4v\u00e4 k\u00e4yntikohde Lemp\u00e4\u00e4l\u00e4n maaseudulla","publisher":{"@id":"https:\/\/vaihmala.taikalaatikko.org\/#organization"},"potentialAction":[{"@type":"SearchAction","target":{"@type":"EntryPoint","urlTemplate":"https:\/\/vaihmala.taikalaatikko.org\/?s={search_term_string}"},"query-input":{"@type":"PropertyValueSpecification","valueRequired":true,"valueName":"search_term_string"}}],"inLanguage":"en-US"},{"@type":"Organization","@id":"https:\/\/vaihmala.taikalaatikko.org\/#organization","name":"Vaihmalan Hovi","url":"https:\/\/vaihmala.taikalaatikko.org\/","logo":{"@type":"ImageObject","inLanguage":"en-US","@id":"https:\/\/vaihmala.taikalaatikko.org\/#\/schema\/logo\/image\/","url":"https:\/\/vaihmala.taikalaatikko.org\/wp-content\/uploads\/2023\/03\/Vaihmala_logo.png","contentUrl":"https:\/\/vaihmala.taikalaatikko.org\/wp-content\/uploads\/2023\/03\/Vaihmala_logo.png","width":633,"height":136,"caption":"Vaihmalan Hovi"},"image":{"@id":"https:\/\/vaihmala.taikalaatikko.org\/#\/schema\/logo\/image\/"}}]}},"publishpress_future_action":{"enabled":false,"date":"2026-05-06 20:35:48","action":"change-status","newStatus":"draft","terms":[],"taxonomy":"translation_priority"},"publishpress_future_workflow_manual_trigger":{"enabledWorkflows":[]},"_links":{"self":[{"href":"https:\/\/vaihmala.taikalaatikko.org\/en\/wp-json\/wp\/v2\/pages\/3698","targetHints":{"allow":["GET"]}}],"collection":[{"href":"https:\/\/vaihmala.taikalaatikko.org\/en\/wp-json\/wp\/v2\/pages"}],"about":[{"href":"https:\/\/vaihmala.taikalaatikko.org\/en\/wp-json\/wp\/v2\/types\/page"}],"author":[{"embeddable":true,"href":"https:\/\/vaihmala.taikalaatikko.org\/en\/wp-json\/wp\/v2\/users\/1"}],"replies":[{"embeddable":true,"href":"https:\/\/vaihmala.taikalaatikko.org\/en\/wp-json\/wp\/v2\/comments?post=3698"}],"version-history":[{"count":0,"href":"https:\/\/vaihmala.taikalaatikko.org\/en\/wp-json\/wp\/v2\/pages\/3698\/revisions"}],"wp:attachment":[{"href":"https:\/\/vaihmala.taikalaatikko.org\/en\/wp-json\/wp\/v2\/media?parent=3698"}],"curies":[{"name":"wp","href":"https:\/\/api.w.org\/{rel}","templated":true}]}}